{"id":106,"date":"2018-06-19T10:44:49","date_gmt":"2018-06-19T10:44:49","guid":{"rendered":"https:\/\/ezague.com\/contact-us\/"},"modified":"2025-08-21T16:47:26","modified_gmt":"2025-08-21T16:47:26","slug":"contact-us","status":"publish","type":"page","link":"https:\/\/ezague.com\/en\/contact-us\/","title":{"rendered":"Contact us"},"content":{"rendered":"<div data-elementor-type=\"wp-post\" data-elementor-id=\"106\" class=\"elementor elementor-106\">\n\t\t\t\t<div class=\"aux-parallax-section elementor-element elementor-element-231853b e-flex e-con-boxed e-con e-parent\" data-id=\"231853b\" data-element_type=\"container\" data-e-type=\"container\" data-settings=\"{&quot;background_background&quot;:&quot;classic&quot;}\">\n\t\t\t\t\t<div class=\"e-con-inner\">\n\t\t<div class=\"elementor-element elementor-element-772b36b aux-appear-watch-animation aux-fade-in-right e-con-full e-flex e-con e-child\" data-id=\"772b36b\" data-element_type=\"container\" data-e-type=\"container\">\n\t\t\t\t<div class=\"elementor-element elementor-element-6ed1427 elementor-widget elementor-widget-aux_modern_heading\" data-id=\"6ed1427\" data-element_type=\"widget\" data-e-type=\"widget\" data-widget_type=\"aux_modern_heading.default\">\n\t\t\t\t<div class=\"elementor-widget-container\">\n\t\t\t\t\t<section class=\"aux-widget-modern-heading\">\n            <div class=\"aux-widget-inner\"><h2 class=\"aux-modern-heading-primary\">Contact us<\/h2><\/div>\n        <\/section>\t\t\t\t<\/div>\n\t\t\t\t<\/div>\n\t\t\t\t<div class=\"elementor-element elementor-element-6d4748e elementor-widget elementor-widget-aux_breadcrumbs\" data-id=\"6d4748e\" data-element_type=\"widget\" data-e-type=\"widget\" data-widget_type=\"aux_breadcrumbs.default\">\n\t\t\t\t<div class=\"elementor-widget-container\">\n\t\t\t\t\t<div class=\"aux-elementor-breadcrumbs\"><p class=\"aux-breadcrumbs\"><span><span><a href=\"https:\/\/ezague.com\/en\/\">Portada<\/a><\/span><\/span><\/p><\/div>\t\t\t\t<\/div>\n\t\t\t\t<\/div>\n\t\t\t\t<\/div>\n\t\t\t\t\t<\/div>\n\t\t\t\t<\/div>\n\t\t<div class=\"aux-parallax-section elementor-element elementor-element-ce938d7 e-flex e-con-boxed e-con e-parent\" data-id=\"ce938d7\" data-element_type=\"container\" data-e-type=\"container\" data-settings=\"{&quot;background_background&quot;:&quot;classic&quot;}\">\n\t\t\t\t\t<div class=\"e-con-inner\">\n\t\t<div class=\"elementor-element elementor-element-46736d2 aux-appear-watch-animation aux-fade-in-up e-con-full e-flex e-con e-child\" data-id=\"46736d2\" data-element_type=\"container\" data-e-type=\"container\">\n\t\t\t\t<div class=\"elementor-element elementor-element-a42b345 elementor-widget elementor-widget-aux_modern_heading\" data-id=\"a42b345\" data-element_type=\"widget\" data-e-type=\"widget\" data-widget_type=\"aux_modern_heading.default\">\n\t\t\t\t<div class=\"elementor-widget-container\">\n\t\t\t\t\t<section class=\"aux-widget-modern-heading\">\n            <div class=\"aux-widget-inner\"><h2 class=\"aux-modern-heading-primary\">Contact us<\/h2><h3 class=\"aux-modern-heading-secondary\"><span class=\"aux-head-before\">\u00bfTRABAJAMOS?<\/span><\/h3><div class=\"aux-modern-heading-divider\"><\/div><div class=\"aux-modern-heading-description\"><p data-pm-slice=\"1 1 []\">If you need advice or a no obligation quote, contact us today and let's make your project a reality!<\/p><\/div><\/div>\n        <\/section>\t\t\t\t<\/div>\n\t\t\t\t<\/div>\n\t\t\t\t<div class=\"elementor-element elementor-element-8b6240d elementor-widget elementor-widget-aux_contact_form\" data-id=\"8b6240d\" data-element_type=\"widget\" data-e-type=\"widget\" data-widget_type=\"aux_contact_form.default\">\n\t\t\t\t<div class=\"elementor-widget-container\">\n\t\t\t\t\t<section class=\"widget-container aux-widget-contact-form aux-parent-auf4531cb6\">            <div class=\"aux-col-wrapper aux-no-gutter\">\n            <!-- @TODO - The output for element here -->\n\n            \n<div class=\"wpcf7 no-js\" id=\"wpcf7-f99-o1\" lang=\"en-US\" dir=\"ltr\" data-wpcf7-id=\"99\">\n<div class=\"screen-reader-response\"><p role=\"status\" aria-live=\"polite\" aria-atomic=\"true\"><\/p> <ul><\/ul><\/div>\n<form action=\"\/en\/wp-json\/wp\/v2\/pages\/106#wpcf7-f99-o1\" method=\"post\" class=\"wpcf7-form init\" aria-label=\"Contact form\" novalidate=\"novalidate\" data-status=\"init\" data-trp-original-action=\"\/en\/wp-json\/wp\/v2\/pages\/106#wpcf7-f99-o1\">\n<fieldset class=\"hidden-fields-container\"><input type=\"hidden\" name=\"_wpcf7\" value=\"99\" \/><input type=\"hidden\" name=\"_wpcf7_version\" value=\"6.1.5\" \/><input type=\"hidden\" name=\"_wpcf7_locale\" value=\"en_US\" \/><input type=\"hidden\" name=\"_wpcf7_unit_tag\" value=\"wpcf7-f99-o1\" \/><input type=\"hidden\" name=\"_wpcf7_container_post\" value=\"0\" \/><input type=\"hidden\" name=\"_wpcf7_posted_data_hash\" value=\"\" \/>\n<\/fieldset>\n<div class=\"aux-arch-form-inputs\">\n<span class=\"wpcf7-form-control-wrap\" data-name=\"your-name\"><input size=\"40\" maxlength=\"400\" class=\"wpcf7-form-control wpcf7-text wpcf7-validates-as-required\" aria-required=\"true\" aria-invalid=\"false\" placeholder=\"Your name*\" value=\"\" type=\"text\" name=\"your-name\" \/><\/span>\n<span class=\"wpcf7-form-control-wrap\" data-name=\"your-email\"><input size=\"40\" maxlength=\"400\" class=\"wpcf7-form-control wpcf7-email wpcf7-validates-as-required wpcf7-text wpcf7-validates-as-email\" aria-required=\"true\" aria-invalid=\"false\" placeholder=\"E-MAIL*\" value=\"\" type=\"email\" name=\"your-email\" \/><\/span>\n<span class=\"wpcf7-form-control-wrap\" data-name=\"tel-136\"><input size=\"40\" maxlength=\"400\" class=\"wpcf7-form-control wpcf7-tel wpcf7-validates-as-required wpcf7-text wpcf7-validates-as-tel\" aria-required=\"true\" aria-invalid=\"false\" placeholder=\"Your phone*\" value=\"\" type=\"tel\" name=\"tel-136\" \/><\/span>\n<\/div>\n<div class=\"aux-arch-form-textarea\">\n<span class=\"wpcf7-form-control-wrap\" data-name=\"your-message\"><textarea cols=\"40\" rows=\"10\" maxlength=\"2000\" class=\"wpcf7-form-control wpcf7-textarea\" aria-invalid=\"false\" placeholder=\"Message*\" name=\"your-message\"><\/textarea><\/span>\n<\/div>\n<input class=\"wpcf7-form-control wpcf7-submit has-spinner\" type=\"submit\" value=\"Send Message\" \/>\n\n<span class=\"wpcf7-form-control-wrap\" data-name=\"checkbox-860\"><span class=\"wpcf7-form-control wpcf7-checkbox wpcf7-validates-as-required\"><span class=\"wpcf7-list-item first last\"><label><input type=\"checkbox\" name=\"checkbox-860[]\" value=\"QUIERO ENVIAR MI MENSAJE\" \/><span class=\"wpcf7-list-item-label\">I WANT TO SEND MY MESSAGE<\/span><\/label><\/span><\/span><\/span><div class=\"wpcf7-response-output\" aria-hidden=\"true\"><\/div>\n<input type=\"hidden\" name=\"trp-form-language\" value=\"en\"\/><\/form>\n<\/div>\n\n\n            <\/div><!-- aux-col-wrapper -->\n    <\/section><!-- widget-container -->\t\t\t\t<\/div>\n\t\t\t\t<\/div>\n\t\t\t\t<\/div>\n\t\t<div class=\"elementor-element elementor-element-745db91 aux-appear-watch-animation aux-fade-in-up-1 e-con-full e-flex e-con e-child\" data-id=\"745db91\" data-element_type=\"container\" data-e-type=\"container\">\n\t\t\t\t<div class=\"elementor-element elementor-element-67b0b2c aux-arch-home-info-box elementor-widget elementor-widget-text-editor\" data-id=\"67b0b2c\" data-element_type=\"widget\" data-e-type=\"widget\" data-widget_type=\"text-editor.default\">\n\t\t\t\t<div class=\"elementor-widget-container\">\n\t\t\t\t\t\t\t\t\t<div>TEL. 978 83 46 56<\/div><p><span class=\"margin\"><br \/>administracion@ezague.com<br \/><\/span><br \/><span class=\"margin\"><br \/>Pol. ind La Estaci\u00f3n, nave 18, 44600, Alca\u00f1iz, Teruel<\/span><br \/><span class=\"margin\"><br \/>Lunes &#8211; Viernes 09:00 &#8211; 17:00<\/span><\/p><p><span class=\"margin\"><br \/>S\u00e1bado y Domingo Cerrado\u00a0<br \/><\/span><\/p>\t\t\t\t\t\t\t\t<\/div>\n\t\t\t\t<\/div>\n\t\t\t\t<\/div>\n\t\t\t\t\t<\/div>\n\t\t\t\t<\/div>\n\t\t<div class=\"aux-parallax-section elementor-element elementor-element-f850355 e-flex e-con-boxed e-con e-parent\" data-id=\"f850355\" data-element_type=\"container\" data-e-type=\"container\">\n\t\t\t\t\t<div class=\"e-con-inner\">\n\t\t\t\t<div class=\"elementor-element elementor-element-00232f7 elementor-widget elementor-widget-google_maps\" data-id=\"00232f7\" data-element_type=\"widget\" data-e-type=\"widget\" data-widget_type=\"google_maps.default\">\n\t\t\t\t<div class=\"elementor-widget-container\">\n\t\t\t\t\t\t\t<div class=\"elementor-custom-embed\">\n\t\t\t<iframe loading=\"lazy\"\n\t\t\t\t\tsrc=\"https:\/\/maps.google.com\/maps?q=EZAGUE%20SL%20ALCA%C3%91IZ&#038;t=m&#038;z=10&#038;output=embed&#038;iwloc=near\"\n\t\t\t\t\ttitle=\"EZAGUE SL ALCA\u00d1IZ\"\n\t\t\t\t\taria-label=\"EZAGUE SL ALCA\u00d1IZ\"\n\t\t\t><\/iframe>\n\t\t<\/div>\n\t\t\t\t\t\t<\/div>\n\t\t\t\t<\/div>\n\t\t\t\t\t<\/div>\n\t\t\t\t<\/div>\n\t\t\t\t<\/div>","protected":false},"excerpt":{"rendered":"<p>Cont\u00e1ctanos Portada Cont\u00e1ctanos \u00bfTRABAJAMOS? \u00bfNecesitas asesoramiento o un presupuesto sin compromiso? \u00a1Cont\u00e1ctanos hoy mismo y hagamos realidad tu proyecto! QUIERO ENVIAR MI MENSAJE TEL. 978 83 46 56 administracion@ezague.com Pol. ind La Estaci\u00f3n, nave 18, 44600, Alca\u00f1iz, Teruel Lunes &#8211; Viernes 09:00 &#8211; 17:00 S\u00e1bado y Domingo Cerrado\u00a0<\/p>","protected":false},"author":2,"featured_media":0,"parent":0,"menu_order":0,"comment_status":"closed","ping_status":"closed","template":"templates\/page-builder-content.php","meta":{"footnotes":""},"class_list":["post-106","page","type-page","status-publish","hentry"],"yoast_head":"<!-- This site is optimized with the Yoast SEO plugin v27.5 - https:\/\/yoast.com\/product\/yoast-seo-wordpress\/ -->\n<title>Cont\u00e1ctanos - Ezague<\/title>\n<meta name=\"robots\" content=\"index, follow, max-snippet:-1, max-image-preview:large, max-video-preview:-1\" \/>\n<link rel=\"canonical\" href=\"https:\/\/ezague.com\/en\/contact-us\/\" \/>\n<meta property=\"og:locale\" content=\"en_GB\" \/>\n<meta property=\"og:type\" content=\"article\" \/>\n<meta property=\"og:title\" content=\"Cont\u00e1ctanos - Ezague\" \/>\n<meta property=\"og:description\" content=\"Cont\u00e1ctanos Portada Cont\u00e1ctanos \u00bfTRABAJAMOS? \u00bfNecesitas asesoramiento o un presupuesto sin compromiso? \u00a1Cont\u00e1ctanos hoy mismo y hagamos realidad tu proyecto! QUIERO ENVIAR MI MENSAJE TEL. 978 83 46 56 administracion@ezague.com Pol. ind La Estaci\u00f3n, nave 18, 44600, Alca\u00f1iz, Teruel Lunes &#8211; Viernes 09:00 &#8211; 17:00 S\u00e1bado y Domingo Cerrado\u00a0\" \/>\n<meta property=\"og:url\" content=\"https:\/\/ezague.com\/en\/contact-us\/\" \/>\n<meta property=\"og:site_name\" content=\"Ezague\" \/>\n<meta property=\"article:modified_time\" content=\"2025-08-21T16:47:26+00:00\" \/>\n<meta name=\"twitter:card\" content=\"summary_large_image\" \/>\n<meta name=\"twitter:label1\" content=\"Estimated reading time\" \/>\n\t<meta name=\"twitter:data1\" content=\"1 minute\" \/>\n<script type=\"application\/ld+json\" class=\"yoast-schema-graph\">{\"@context\":\"https:\\\/\\\/schema.org\",\"@graph\":[{\"@type\":\"WebPage\",\"@id\":\"https:\\\/\\\/ezague.com\\\/contact-us\\\/\",\"url\":\"https:\\\/\\\/ezague.com\\\/contact-us\\\/\",\"name\":\"Cont\u00e1ctanos - Ezague\",\"isPartOf\":{\"@id\":\"https:\\\/\\\/ezague.com\\\/#website\"},\"datePublished\":\"2018-06-19T10:44:49+00:00\",\"dateModified\":\"2025-08-21T16:47:26+00:00\",\"breadcrumb\":{\"@id\":\"https:\\\/\\\/ezague.com\\\/contact-us\\\/#breadcrumb\"},\"inLanguage\":\"en-GB\",\"potentialAction\":[{\"@type\":\"ReadAction\",\"target\":[\"https:\\\/\\\/ezague.com\\\/contact-us\\\/\"]}]},{\"@type\":\"BreadcrumbList\",\"@id\":\"https:\\\/\\\/ezague.com\\\/contact-us\\\/#breadcrumb\",\"itemListElement\":[{\"@type\":\"ListItem\",\"position\":1,\"name\":\"Portada\",\"item\":\"https:\\\/\\\/ezague.com\\\/\"},{\"@type\":\"ListItem\",\"position\":2,\"name\":\"Cont\u00e1ctanos\"}]},{\"@type\":\"WebSite\",\"@id\":\"https:\\\/\\\/ezague.com\\\/#website\",\"url\":\"https:\\\/\\\/ezague.com\\\/\",\"name\":\"Ezague\",\"description\":\"Excavaciones y movimiento de Tierra \",\"publisher\":{\"@id\":\"https:\\\/\\\/ezague.com\\\/#organization\"},\"potentialAction\":[{\"@type\":\"SearchAction\",\"target\":{\"@type\":\"EntryPoint\",\"urlTemplate\":\"https:\\\/\\\/ezague.com\\\/?s={search_term_string}\"},\"query-input\":{\"@type\":\"PropertyValueSpecification\",\"valueRequired\":true,\"valueName\":\"search_term_string\"}}],\"inLanguage\":\"en-GB\"},{\"@type\":\"Organization\",\"@id\":\"https:\\\/\\\/ezague.com\\\/#organization\",\"name\":\"Ezague\",\"url\":\"https:\\\/\\\/ezague.com\\\/\",\"logo\":{\"@type\":\"ImageObject\",\"inLanguage\":\"en-GB\",\"@id\":\"https:\\\/\\\/ezague.com\\\/#\\\/schema\\\/logo\\\/image\\\/\",\"url\":\"https:\\\/\\\/ezague.com\\\/wp-content\\\/uploads\\\/2025\\\/02\\\/cropped-LOGO-50.png\",\"contentUrl\":\"https:\\\/\\\/ezague.com\\\/wp-content\\\/uploads\\\/2025\\\/02\\\/cropped-LOGO-50.png\",\"width\":50,\"height\":50,\"caption\":\"Ezague\"},\"image\":{\"@id\":\"https:\\\/\\\/ezague.com\\\/#\\\/schema\\\/logo\\\/image\\\/\"}}]}<\/script>\n<!-- \/ Yoast SEO plugin. -->","yoast_head_json":{"title":"Cont\u00e1ctanos - Ezague","robots":{"index":"index","follow":"follow","max-snippet":"max-snippet:-1","max-image-preview":"max-image-preview:large","max-video-preview":"max-video-preview:-1"},"canonical":"https:\/\/ezague.com\/en\/contact-us\/","og_locale":"en_GB","og_type":"article","og_title":"Cont\u00e1ctanos - Ezague","og_description":"Cont\u00e1ctanos Portada Cont\u00e1ctanos \u00bfTRABAJAMOS? \u00bfNecesitas asesoramiento o un presupuesto sin compromiso? \u00a1Cont\u00e1ctanos hoy mismo y hagamos realidad tu proyecto! QUIERO ENVIAR MI MENSAJE TEL. 978 83 46 56 administracion@ezague.com Pol. ind La Estaci\u00f3n, nave 18, 44600, Alca\u00f1iz, Teruel Lunes &#8211; Viernes 09:00 &#8211; 17:00 S\u00e1bado y Domingo Cerrado\u00a0","og_url":"https:\/\/ezague.com\/en\/contact-us\/","og_site_name":"Ezague","article_modified_time":"2025-08-21T16:47:26+00:00","twitter_card":"summary_large_image","twitter_misc":{"Estimated reading time":"1 minute"},"schema":{"@context":"https:\/\/schema.org","@graph":[{"@type":"WebPage","@id":"https:\/\/ezague.com\/contact-us\/","url":"https:\/\/ezague.com\/contact-us\/","name":"Cont\u00e1ctanos - Ezague","isPartOf":{"@id":"https:\/\/ezague.com\/#website"},"datePublished":"2018-06-19T10:44:49+00:00","dateModified":"2025-08-21T16:47:26+00:00","breadcrumb":{"@id":"https:\/\/ezague.com\/contact-us\/#breadcrumb"},"inLanguage":"en-GB","potentialAction":[{"@type":"ReadAction","target":["https:\/\/ezague.com\/contact-us\/"]}]},{"@type":"BreadcrumbList","@id":"https:\/\/ezague.com\/contact-us\/#breadcrumb","itemListElement":[{"@type":"ListItem","position":1,"name":"Portada","item":"https:\/\/ezague.com\/"},{"@type":"ListItem","position":2,"name":"Cont\u00e1ctanos"}]},{"@type":"WebSite","@id":"https:\/\/ezague.com\/#website","url":"https:\/\/ezague.com\/","name":"Ezague","description":"Excavaciones y movimiento de Tierra","publisher":{"@id":"https:\/\/ezague.com\/#organization"},"potentialAction":[{"@type":"SearchAction","target":{"@type":"EntryPoint","urlTemplate":"https:\/\/ezague.com\/?s={search_term_string}"},"query-input":{"@type":"PropertyValueSpecification","valueRequired":true,"valueName":"search_term_string"}}],"inLanguage":"en-GB"},{"@type":"Organization","@id":"https:\/\/ezague.com\/#organization","name":"Ezague","url":"https:\/\/ezague.com\/","logo":{"@type":"ImageObject","inLanguage":"en-GB","@id":"https:\/\/ezague.com\/#\/schema\/logo\/image\/","url":"https:\/\/ezague.com\/wp-content\/uploads\/2025\/02\/cropped-LOGO-50.png","contentUrl":"https:\/\/ezague.com\/wp-content\/uploads\/2025\/02\/cropped-LOGO-50.png","width":50,"height":50,"caption":"Ezague"},"image":{"@id":"https:\/\/ezague.com\/#\/schema\/logo\/image\/"}}]}},"_links":{"self":[{"href":"https:\/\/ezague.com\/en\/wp-json\/wp\/v2\/pages\/106","targetHints":{"allow":["GET"]}}],"collection":[{"href":"https:\/\/ezague.com\/en\/wp-json\/wp\/v2\/pages"}],"about":[{"href":"https:\/\/ezague.com\/en\/wp-json\/wp\/v2\/types\/page"}],"author":[{"embeddable":true,"href":"https:\/\/ezague.com\/en\/wp-json\/wp\/v2\/users\/2"}],"replies":[{"embeddable":true,"href":"https:\/\/ezague.com\/en\/wp-json\/wp\/v2\/comments?post=106"}],"version-history":[{"count":28,"href":"https:\/\/ezague.com\/en\/wp-json\/wp\/v2\/pages\/106\/revisions"}],"predecessor-version":[{"id":1042,"href":"https:\/\/ezague.com\/en\/wp-json\/wp\/v2\/pages\/106\/revisions\/1042"}],"wp:attachment":[{"href":"https:\/\/ezague.com\/en\/wp-json\/wp\/v2\/media?parent=106"}],"curies":[{"name":"wp","href":"https:\/\/api.w.org\/{rel}","templated":true}]}}