{"id":108,"date":"2018-06-19T10:44:17","date_gmt":"2018-06-19T10:44:17","guid":{"rendered":"https:\/\/ezague.com\/about-us\/"},"modified":"2025-08-21T16:46:06","modified_gmt":"2025-08-21T16:46:06","slug":"about-us","status":"publish","type":"page","link":"https:\/\/ezague.com\/en\/about-us\/","title":{"rendered":"Sobre Nosotros"},"content":{"rendered":"<div data-elementor-type=\"wp-page\" data-elementor-id=\"108\" class=\"elementor elementor-108\">\n\t\t\t\t<div class=\"aux-parallax-section elementor-element elementor-element-5e36217 e-flex e-con-boxed e-con e-parent\" data-id=\"5e36217\" data-element_type=\"container\" data-e-type=\"container\" data-settings=\"{&quot;background_background&quot;:&quot;classic&quot;}\">\n\t\t\t\t\t<div class=\"e-con-inner\">\n\t\t<div class=\"elementor-element elementor-element-8504aa0 aux-appear-watch-animation aux-fade-in-right e-con-full e-flex e-con e-child\" data-id=\"8504aa0\" data-element_type=\"container\" data-e-type=\"container\">\n\t\t\t\t<div class=\"elementor-element elementor-element-121a779 elementor-widget elementor-widget-aux_modern_heading\" data-id=\"121a779\" data-element_type=\"widget\" data-e-type=\"widget\" data-widget_type=\"aux_modern_heading.default\">\n\t\t\t\t<div class=\"elementor-widget-container\">\n\t\t\t\t\t<section class=\"aux-widget-modern-heading\">\n            <div class=\"aux-widget-inner\"><h2 class=\"aux-modern-heading-primary\">Sobre Nosotros<\/h2><\/div>\n        <\/section>\t\t\t\t<\/div>\n\t\t\t\t<\/div>\n\t\t\t\t<div class=\"elementor-element elementor-element-119ebd0 elementor-widget elementor-widget-aux_breadcrumbs\" data-id=\"119ebd0\" data-element_type=\"widget\" data-e-type=\"widget\" data-widget_type=\"aux_breadcrumbs.default\">\n\t\t\t\t<div class=\"elementor-widget-container\">\n\t\t\t\t\t<div class=\"aux-elementor-breadcrumbs\"><p class=\"aux-breadcrumbs\"><span><span><a href=\"https:\/\/ezague.com\/en\/\">Portada<\/a><\/span><\/span><\/p><\/div>\t\t\t\t<\/div>\n\t\t\t\t<\/div>\n\t\t\t\t<\/div>\n\t\t\t\t\t<\/div>\n\t\t\t\t<\/div>\n\t\t<div class=\"aux-parallax-section elementor-element elementor-element-46e1247 e-flex e-con-boxed e-con e-parent\" data-id=\"46e1247\" data-element_type=\"container\" data-e-type=\"container\">\n\t\t\t\t\t<div class=\"e-con-inner\">\n\t\t<div class=\"elementor-element elementor-element-baae426 e-con-full e-flex e-con e-child\" data-id=\"baae426\" data-element_type=\"container\" data-e-type=\"container\">\n\t\t\t\t<div class=\"elementor-element elementor-element-ab98aaa aux-appear-watch-animation aux-fade-in-up elementor-widget elementor-widget-aux_modern_heading\" data-id=\"ab98aaa\" data-element_type=\"widget\" data-e-type=\"widget\" data-widget_type=\"aux_modern_heading.default\">\n\t\t\t\t<div class=\"elementor-widget-container\">\n\t\t\t\t\t<section class=\"aux-widget-modern-heading\">\n            <div class=\"aux-widget-inner\"><h2 class=\"aux-modern-heading-primary\">About us<\/h2><h3 class=\"aux-modern-heading-secondary\"><span class=\"aux-head-before\">Somos <\/span><span class=\"aux-head-highlight\">Ezague<\/span><\/h3><div class=\"aux-modern-heading-divider\"><\/div><div class=\"aux-modern-heading-description\"><p style=\"text-align: justify\" data-pm-slice=\"1 1 []\">En EZAGUE S.L., somos una empresa familiar fundada en 1988 a partir del acr\u00f3nimo de Excavaciones Zaera Guerrero. Desde nuestros inicios, hemos crecido con la misi\u00f3n de ofrecer servicios de excavaciones, movimiento de tierras, demoliciones y mantenimiento de firmes de carreteras y caminos. Trabajamos para empresas, administraciones p\u00fablicas y particulares, combinando profesionalidad, innovaci\u00f3n y cercan\u00eda.<\/p><p style=\"text-align: justify\">Nuestros valores fundamentales son la confianza, la calidad y la dedicaci\u00f3n. Gracias a un equipo humano altamente cualificado y al uso de tecnolog\u00eda de vanguardia, nos esforzamos por superar las expectativas de nuestros clientes en cada proyecto.<\/p><p style=\"text-align: justify\">En 2015, ampliamos nuestra oferta con aglomerado y mezcla bituminosa en caliente a trav\u00e9s de la incorporaci\u00f3n de ECASFALTO, pol\u00edgono las horcas de Alca\u00f1iz, reforzando nuestro compromiso con la calidad y la especializaci\u00f3n.<\/p><p style=\"text-align: justify\">En EZAGUE S.L., la calidad es nuestra prioridad y basamos nuestra gesti\u00f3n en tres pilares fundamentales:<\/p><ul style=\"text-align: justify\" data-spread=\"false\"><li><p><strong>Calidad<\/strong>: Garantizamos servicios eficientes y de alta precisi\u00f3n, adaptados a las necesidades de cada proyecto.<\/p><\/li><li><p><strong>Medio Ambiente<\/strong>: Nos comprometemos con el cuidado del entorno, aplicando pr\u00e1cticas sostenibles y minimizando el impacto ambiental de nuestras operaciones.<\/p><\/li><li><p><strong>Seguridad y Salud<\/strong>: Velamos por la seguridad de nuestros empleados y colaboradores, asegurando condiciones de trabajo \u00f3ptimas y previniendo riesgos laborales.<\/p><\/li><\/ul><p style=\"text-align: justify\">Nuestro objetivo es seguir construyendo un legado de confianza y excelencia que perdure en el tiempo.<\/p><\/div><\/div>\n        <\/section>\t\t\t\t<\/div>\n\t\t\t\t<\/div>\n\t\t\t\t<\/div>\n\t\t<div class=\"elementor-element elementor-element-3704b04 aux-appear-watch-animation aux-scale-down e-con-full e-flex e-con e-child\" data-id=\"3704b04\" data-element_type=\"container\" data-e-type=\"container\">\n\t\t\t\t<div class=\"elementor-element elementor-element-8db1082 elementor-widget elementor-widget-aux_image\" data-id=\"8db1082\" data-element_type=\"widget\" data-e-type=\"widget\" data-widget_type=\"aux_image.default\">\n\t\t\t\t<div class=\"elementor-widget-container\">\n\t\t\t\t\t<section class=\"widget-container aux-widget-image aux-alignnone aux-parent-aufe27062b\">\n    <div class=\"aux-media-hint-frame\">\n        <div class=\"aux-media-image\" >\n        \n            \n\n            \n            <img fetchpriority=\"high\" decoding=\"async\" width=\"784\" height=\"700\" src=\"data:image\/gif;base64,R0lGODlhAQABAIAAAAAAAP\/\/\/yH5BAEAAAAALAAAAAABAAEAAAIBRAA7\" class=\"aux-attachment aux-featured-image aux-attachment-id-1005 aux-preload aux-blank\" alt=\"2\" data-ratio=\"1.12\" data-original-w=\"1080\" sizes=\"auto\" data-srcset=\"https:\/\/ezague.com\/wp-content\/uploads\/2018\/06\/2-1-150x134.png 150w,https:\/\/ezague.com\/wp-content\/uploads\/2018\/06\/2-1-300x268.png 300w,https:\/\/ezague.com\/wp-content\/uploads\/2018\/06\/2-1-768x686.png 768w,https:\/\/ezague.com\/wp-content\/uploads\/2018\/06\/2-1-1024x914.png 1024w,https:\/\/ezague.com\/wp-content\/uploads\/2018\/06\/2-1-784x700.png 784w\" data-src=\"https:\/\/ezague.com\/wp-content\/uploads\/2018\/06\/2-1-784x700.png\" \/>            \n                <\/div>\n    <\/div>\n\n<\/section><!-- widget-container -->\t\t\t\t<\/div>\n\t\t\t\t<\/div>\n\t\t\t\t<\/div>\n\t\t\t\t\t<\/div>\n\t\t\t\t<\/div>\n\t\t<div class=\"aux-parallax-section elementor-element elementor-element-1c96cf0 e-flex e-con-boxed e-con e-parent\" data-id=\"1c96cf0\" data-element_type=\"container\" data-e-type=\"container\">\n\t\t\t\t\t<div class=\"e-con-inner\">\n\t\t<div class=\"elementor-element elementor-element-ba9e82d e-con-full e-flex e-con e-child\" data-id=\"ba9e82d\" data-element_type=\"container\" data-e-type=\"container\" data-settings=\"{&quot;background_background&quot;:&quot;classic&quot;}\">\n\t\t\t\t<div class=\"elementor-element elementor-element-5cd80df aux-appear-watch-animation aux-scale-down elementor-widget elementor-widget-aux_modern_heading\" data-id=\"5cd80df\" data-element_type=\"widget\" data-e-type=\"widget\" data-widget_type=\"aux_modern_heading.default\">\n\t\t\t\t<div class=\"elementor-widget-container\">\n\t\t\t\t\t<section class=\"aux-widget-modern-heading\">\n            <div class=\"aux-widget-inner\"><h2 class=\"aux-modern-heading-primary\">\u201c<\/h2><div class=\"aux-modern-heading-description\"><p class=\"p1\"><b>Compromiso, calidad e innovaci\u00f3n: construimos con confianza y trabajamos para un futuro sostenible.<\/b><\/p><\/div><\/div>\n        <\/section>\t\t\t\t<\/div>\n\t\t\t\t<\/div>\n\t\t\t\t<div class=\"elementor-element elementor-element-af020c9 aux-appear-watch-animation aux-fade-in-up elementor-widget elementor-widget-aux_modern_heading\" data-id=\"af020c9\" data-element_type=\"widget\" data-e-type=\"widget\" data-widget_type=\"aux_modern_heading.default\">\n\t\t\t\t<div class=\"elementor-widget-container\">\n\t\t\t\t\t<section class=\"aux-widget-modern-heading\">\n            <div class=\"aux-widget-inner\"><h2 class=\"aux-modern-heading-primary\">EZAGUE SL<\/h2><h3 class=\"aux-modern-heading-secondary\"><span class=\"aux-head-before\">Excavaciones y Maquinaria industrial <\/span><span class=\"aux-head-highlight\">in Arag\u00f3n.<\/span><\/h3><\/div>\n        <\/section>\t\t\t\t<\/div>\n\t\t\t\t<\/div>\n\t\t\t\t<\/div>\n\t\t\t\t\t<\/div>\n\t\t\t\t<\/div>\n\t\t<div class=\"aux-parallax-section elementor-element elementor-element-66ef437 e-con-full e-flex e-con e-parent\" data-id=\"66ef437\" data-element_type=\"container\" data-e-type=\"container\" data-settings=\"{&quot;background_background&quot;:&quot;classic&quot;}\">\n\t\t<div class=\"elementor-element elementor-element-ff71741 aux-appear-watch-animation aux-fade-in-left e-con-full e-flex e-con e-child\" data-id=\"ff71741\" data-element_type=\"container\" data-e-type=\"container\">\n\t\t\t\t<div class=\"elementor-element elementor-element-f4fb7cd elementor-widget elementor-widget-aux_image\" data-id=\"f4fb7cd\" data-element_type=\"widget\" data-e-type=\"widget\" data-widget_type=\"aux_image.default\">\n\t\t\t\t<div class=\"elementor-widget-container\">\n\t\t\t\t\t<section class=\"widget-container aux-widget-image aux-alignnone aux-parent-au287e9b8d\">\n    <div class=\"aux-media-hint-frame\">\n        <div class=\"aux-media-image\" >\n        \n            \n\n            \n            <img decoding=\"async\" width=\"1037\" height=\"880\" src=\"data:image\/gif;base64,R0lGODlhAQABAIAAAAAAAP\/\/\/yH5BAEAAAAALAAAAAABAAEAAAIBRAA7\" class=\"aux-attachment aux-featured-image aux-attachment-id-147 aux-preload aux-blank\" alt=\"FOTO 5491 GBR DELANTERA\" data-ratio=\"1.09\" data-original-w=\"1078\" sizes=\"auto\" data-srcset=\"https:\/\/ezague.com\/wp-content\/uploads\/2025\/02\/FOTO-5491-GBR-DELANTERA-150x137.jpeg 150w,https:\/\/ezague.com\/wp-content\/uploads\/2025\/02\/FOTO-5491-GBR-DELANTERA-300x275.jpeg 300w,https:\/\/ezague.com\/wp-content\/uploads\/2025\/02\/FOTO-5491-GBR-DELANTERA-768x704.jpeg 768w,https:\/\/ezague.com\/wp-content\/uploads\/2025\/02\/FOTO-5491-GBR-DELANTERA-1024x938.jpeg 1024w,https:\/\/ezague.com\/wp-content\/uploads\/2025\/02\/FOTO-5491-GBR-DELANTERA-1037x950.jpeg 1037w\" data-src=\"https:\/\/ezague.com\/wp-content\/uploads\/2025\/02\/FOTO-5491-GBR-DELANTERA-1037x950.jpeg\" \/>            \n                <\/div>\n    <\/div>\n\n<\/section><!-- widget-container -->\t\t\t\t<\/div>\n\t\t\t\t<\/div>\n\t\t\t\t<\/div>\n\t\t<div class=\"elementor-element elementor-element-1a17ea2 e-con-full e-flex e-con e-child\" data-id=\"1a17ea2\" data-element_type=\"container\" data-e-type=\"container\">\n\t\t\t\t<div class=\"elementor-element elementor-element-86649ed aux-appear-watch-animation aux-fade-in elementor-widget elementor-widget-aux_modern_heading\" data-id=\"86649ed\" data-element_type=\"widget\" data-e-type=\"widget\" data-widget_type=\"aux_modern_heading.default\">\n\t\t\t\t<div class=\"elementor-widget-container\">\n\t\t\t\t\t<section class=\"aux-widget-modern-heading\">\n            <div class=\"aux-widget-inner\"><h2 class=\"aux-modern-heading-primary\">Tu Proyecto en buenas manos<\/h2><h3 class=\"aux-modern-heading-secondary\"><span class=\"aux-head-before\">Experiencia y Profesionalidad <\/span><span class=\"aux-head-highlight\">en cada<\/span><span class=\"aux-head-after\">Proyecto<\/span><\/h3><div class=\"aux-modern-heading-divider\"><\/div><div class=\"aux-modern-heading-description\"><p data-pm-slice=\"1 1 []\">Con m\u00e1s de 35 a\u00f1os de trayectoria, en Ezague combinamos experiencia y profesionalidad en cada proyecto. Nuestro equipo altamente cualificado trabaja con precisi\u00f3n y compromiso, ofreciendo soluciones personalizadas para cada cliente. La formaci\u00f3n continua y el uso de tecnolog\u00eda avanzada nos permiten garantizar resultados eficientes, seguros y adaptados a las necesidades m\u00e1s exigentes.<\/p><\/div><\/div>\n        <\/section>\t\t\t\t<\/div>\n\t\t\t\t<\/div>\n\t\t\t\t<\/div>\n\t\t\t\t<\/div>\n\t\t<div class=\"aux-parallax-section elementor-element elementor-element-aee413d e-flex e-con-boxed e-con e-parent\" data-id=\"aee413d\" data-element_type=\"container\" data-e-type=\"container\" data-settings=\"{&quot;background_background&quot;:&quot;classic&quot;}\">\n\t\t\t\t\t<div class=\"e-con-inner\">\n\t\t<div class=\"elementor-element elementor-element-5c915ad e-con-full e-flex e-con e-child\" data-id=\"5c915ad\" data-element_type=\"container\" data-e-type=\"container\">\n\t\t\t\t<div class=\"elementor-element elementor-element-9cd5f8d aux-appear-watch-animation aux-scale-down elementor-widget elementor-widget-aux_modern_heading\" data-id=\"9cd5f8d\" data-element_type=\"widget\" data-e-type=\"widget\" data-widget_type=\"aux_modern_heading.default\">\n\t\t\t\t<div class=\"elementor-widget-container\">\n\t\t\t\t\t<section class=\"aux-widget-modern-heading\">\n            <div class=\"aux-widget-inner\"><h2 class=\"aux-modern-heading-primary\">\u00a1Construyamos juntos!<\/h2><div class=\"aux-modern-heading-description\"><p class=\"p1\"><b>En Ezague, trabajamos contigo para hacer realidad cada proyecto. \u00a1Construyamos el futuro juntos!<\/b><\/p><\/div><\/div>\n        <\/section>\t\t\t\t<\/div>\n\t\t\t\t<\/div>\n\t\t\t\t<div class=\"elementor-element elementor-element-f72c0c6 elementor-widget elementor-widget-aux_modern_button\" data-id=\"f72c0c6\" data-element_type=\"widget\" data-e-type=\"widget\" data-widget_type=\"aux_modern_button.default\">\n\t\t\t\t<div class=\"elementor-widget-container\">\n\t\t\t\t\t    <div class=\"aux-modern-button-wrapper aux-modern-button-align-center\" >\n                    <a class=\"aux-modern-button aux-black aux-modern-button-xl aux-modern-button-normal aux-modern-button-default aux-icon-right\" href=\"https:\/\/ezague.com\/en\/contact-us\/\">\n                <div class=\"aux-overlay\"><\/div>\n                                    <div class=\"aux-icon\">\n                        <i aria-hidden=\"true\" class=\"auxicon2 auxicon2-arrow-chevron-small-right\"><\/i>                    <\/div>\n                                <div class=\"aux-text\">\n<span class=\"aux-text-before\">WORKING WITH US<\/span>                <\/div>\n            <\/a>\n            \n    <\/div>\n\n    \t\t\t\t<\/div>\n\t\t\t\t<\/div>\n\t\t\t\t<\/div>\n\t\t\t\t\t<\/div>\n\t\t\t\t<\/div>\n\t\t\t\t<\/div>","protected":false},"excerpt":{"rendered":"<p>Sobre Nosotros Portada Sobre nosotros Somos Ezague En EZAGUE S.L., somos una empresa familiar fundada en 1988 a partir del acr\u00f3nimo de Excavaciones Zaera Guerrero. Desde nuestros inicios, hemos crecido con la misi\u00f3n de ofrecer servicios de excavaciones, movimiento de tierras, demoliciones y mantenimiento de firmes de carreteras y caminos. Trabajamos para empresas, administraciones p\u00fablicas [&hellip;]<\/p>\n","protected":false},"author":2,"featured_media":0,"parent":0,"menu_order":0,"comment_status":"closed","ping_status":"closed","template":"templates\/page-builder-content.php","meta":{"footnotes":""},"class_list":["post-108","page","type-page","status-publish","hentry"],"yoast_head":"<!-- This site is optimized with the Yoast SEO plugin v27.5 - https:\/\/yoast.com\/product\/yoast-seo-wordpress\/ -->\n<title>Sobre Nosotros - Ezague<\/title>\n<meta name=\"description\" content=\"\u201cEzague es una empresa de excavaciones en Arag\u00f3n desde 1989. Ofrecemos servicios de movimientos de tierra, alquiler y transporte de maquinaria.\" \/>\n<meta name=\"robots\" content=\"index, follow, max-snippet:-1, max-image-preview:large, max-video-preview:-1\" \/>\n<link rel=\"canonical\" href=\"https:\/\/ezague.com\/en\/about-us\/\" \/>\n<meta property=\"og:locale\" content=\"en_GB\" \/>\n<meta property=\"og:type\" content=\"article\" \/>\n<meta property=\"og:title\" content=\"Sobre Nosotros - Ezague\" \/>\n<meta property=\"og:description\" content=\"\u201cEzague es una empresa de excavaciones en Arag\u00f3n desde 1989. Ofrecemos servicios de movimientos de tierra, alquiler y transporte de maquinaria.\" \/>\n<meta property=\"og:url\" content=\"https:\/\/ezague.com\/en\/about-us\/\" \/>\n<meta property=\"og:site_name\" content=\"Ezague\" \/>\n<meta property=\"article:modified_time\" content=\"2025-08-21T16:46:06+00:00\" \/>\n<meta name=\"twitter:card\" content=\"summary_large_image\" \/>\n<meta name=\"twitter:label1\" content=\"Estimated reading time\" \/>\n\t<meta name=\"twitter:data1\" content=\"2 minutes\" \/>\n<script type=\"application\/ld+json\" class=\"yoast-schema-graph\">{\"@context\":\"https:\\\/\\\/schema.org\",\"@graph\":[{\"@type\":\"WebPage\",\"@id\":\"https:\\\/\\\/ezague.com\\\/about-us\\\/\",\"url\":\"https:\\\/\\\/ezague.com\\\/about-us\\\/\",\"name\":\"Sobre Nosotros - Ezague\",\"isPartOf\":{\"@id\":\"https:\\\/\\\/ezague.com\\\/#website\"},\"datePublished\":\"2018-06-19T10:44:17+00:00\",\"dateModified\":\"2025-08-21T16:46:06+00:00\",\"description\":\"\u201cEzague es una empresa de excavaciones en Arag\u00f3n desde 1989. Ofrecemos servicios de movimientos de tierra, alquiler y transporte de maquinaria.\",\"breadcrumb\":{\"@id\":\"https:\\\/\\\/ezague.com\\\/about-us\\\/#breadcrumb\"},\"inLanguage\":\"en-GB\",\"potentialAction\":[{\"@type\":\"ReadAction\",\"target\":[\"https:\\\/\\\/ezague.com\\\/about-us\\\/\"]}]},{\"@type\":\"BreadcrumbList\",\"@id\":\"https:\\\/\\\/ezague.com\\\/about-us\\\/#breadcrumb\",\"itemListElement\":[{\"@type\":\"ListItem\",\"position\":1,\"name\":\"Portada\",\"item\":\"https:\\\/\\\/ezague.com\\\/\"},{\"@type\":\"ListItem\",\"position\":2,\"name\":\"Sobre Nosotros\"}]},{\"@type\":\"WebSite\",\"@id\":\"https:\\\/\\\/ezague.com\\\/#website\",\"url\":\"https:\\\/\\\/ezague.com\\\/\",\"name\":\"Ezague\",\"description\":\"Excavaciones y movimiento de Tierra \",\"publisher\":{\"@id\":\"https:\\\/\\\/ezague.com\\\/#organization\"},\"potentialAction\":[{\"@type\":\"SearchAction\",\"target\":{\"@type\":\"EntryPoint\",\"urlTemplate\":\"https:\\\/\\\/ezague.com\\\/?s={search_term_string}\"},\"query-input\":{\"@type\":\"PropertyValueSpecification\",\"valueRequired\":true,\"valueName\":\"search_term_string\"}}],\"inLanguage\":\"en-GB\"},{\"@type\":\"Organization\",\"@id\":\"https:\\\/\\\/ezague.com\\\/#organization\",\"name\":\"Ezague\",\"url\":\"https:\\\/\\\/ezague.com\\\/\",\"logo\":{\"@type\":\"ImageObject\",\"inLanguage\":\"en-GB\",\"@id\":\"https:\\\/\\\/ezague.com\\\/#\\\/schema\\\/logo\\\/image\\\/\",\"url\":\"https:\\\/\\\/ezague.com\\\/wp-content\\\/uploads\\\/2025\\\/02\\\/cropped-LOGO-50.png\",\"contentUrl\":\"https:\\\/\\\/ezague.com\\\/wp-content\\\/uploads\\\/2025\\\/02\\\/cropped-LOGO-50.png\",\"width\":50,\"height\":50,\"caption\":\"Ezague\"},\"image\":{\"@id\":\"https:\\\/\\\/ezague.com\\\/#\\\/schema\\\/logo\\\/image\\\/\"}}]}<\/script>\n<!-- \/ Yoast SEO plugin. -->","yoast_head_json":{"title":"Sobre Nosotros - Ezague","description":"\u201cEzague es una empresa de excavaciones en Arag\u00f3n desde 1989. Ofrecemos servicios de movimientos de tierra, alquiler y transporte de maquinaria.","robots":{"index":"index","follow":"follow","max-snippet":"max-snippet:-1","max-image-preview":"max-image-preview:large","max-video-preview":"max-video-preview:-1"},"canonical":"https:\/\/ezague.com\/en\/about-us\/","og_locale":"en_GB","og_type":"article","og_title":"Sobre Nosotros - Ezague","og_description":"\u201cEzague es una empresa de excavaciones en Arag\u00f3n desde 1989. Ofrecemos servicios de movimientos de tierra, alquiler y transporte de maquinaria.","og_url":"https:\/\/ezague.com\/en\/about-us\/","og_site_name":"Ezague","article_modified_time":"2025-08-21T16:46:06+00:00","twitter_card":"summary_large_image","twitter_misc":{"Estimated reading time":"2 minutes"},"schema":{"@context":"https:\/\/schema.org","@graph":[{"@type":"WebPage","@id":"https:\/\/ezague.com\/about-us\/","url":"https:\/\/ezague.com\/about-us\/","name":"Sobre Nosotros - Ezague","isPartOf":{"@id":"https:\/\/ezague.com\/#website"},"datePublished":"2018-06-19T10:44:17+00:00","dateModified":"2025-08-21T16:46:06+00:00","description":"\u201cEzague es una empresa de excavaciones en Arag\u00f3n desde 1989. Ofrecemos servicios de movimientos de tierra, alquiler y transporte de maquinaria.","breadcrumb":{"@id":"https:\/\/ezague.com\/about-us\/#breadcrumb"},"inLanguage":"en-GB","potentialAction":[{"@type":"ReadAction","target":["https:\/\/ezague.com\/about-us\/"]}]},{"@type":"BreadcrumbList","@id":"https:\/\/ezague.com\/about-us\/#breadcrumb","itemListElement":[{"@type":"ListItem","position":1,"name":"Portada","item":"https:\/\/ezague.com\/"},{"@type":"ListItem","position":2,"name":"Sobre Nosotros"}]},{"@type":"WebSite","@id":"https:\/\/ezague.com\/#website","url":"https:\/\/ezague.com\/","name":"Ezague","description":"Excavaciones y movimiento de Tierra","publisher":{"@id":"https:\/\/ezague.com\/#organization"},"potentialAction":[{"@type":"SearchAction","target":{"@type":"EntryPoint","urlTemplate":"https:\/\/ezague.com\/?s={search_term_string}"},"query-input":{"@type":"PropertyValueSpecification","valueRequired":true,"valueName":"search_term_string"}}],"inLanguage":"en-GB"},{"@type":"Organization","@id":"https:\/\/ezague.com\/#organization","name":"Ezague","url":"https:\/\/ezague.com\/","logo":{"@type":"ImageObject","inLanguage":"en-GB","@id":"https:\/\/ezague.com\/#\/schema\/logo\/image\/","url":"https:\/\/ezague.com\/wp-content\/uploads\/2025\/02\/cropped-LOGO-50.png","contentUrl":"https:\/\/ezague.com\/wp-content\/uploads\/2025\/02\/cropped-LOGO-50.png","width":50,"height":50,"caption":"Ezague"},"image":{"@id":"https:\/\/ezague.com\/#\/schema\/logo\/image\/"}}]}},"_links":{"self":[{"href":"https:\/\/ezague.com\/en\/wp-json\/wp\/v2\/pages\/108","targetHints":{"allow":["GET"]}}],"collection":[{"href":"https:\/\/ezague.com\/en\/wp-json\/wp\/v2\/pages"}],"about":[{"href":"https:\/\/ezague.com\/en\/wp-json\/wp\/v2\/types\/page"}],"author":[{"embeddable":true,"href":"https:\/\/ezague.com\/en\/wp-json\/wp\/v2\/users\/2"}],"replies":[{"embeddable":true,"href":"https:\/\/ezague.com\/en\/wp-json\/wp\/v2\/comments?post=108"}],"version-history":[{"count":47,"href":"https:\/\/ezague.com\/en\/wp-json\/wp\/v2\/pages\/108\/revisions"}],"predecessor-version":[{"id":1036,"href":"https:\/\/ezague.com\/en\/wp-json\/wp\/v2\/pages\/108\/revisions\/1036"}],"wp:attachment":[{"href":"https:\/\/ezague.com\/en\/wp-json\/wp\/v2\/media?parent=108"}],"curies":[{"name":"wp","href":"https:\/\/api.w.org\/{rel}","templated":true}]}}