{"id":21,"date":"2025-02-13T17:57:20","date_gmt":"2025-02-13T17:57:20","guid":{"rendered":"https:\/\/ezague.com\/?page_id=21"},"modified":"2025-02-13T18:10:30","modified_gmt":"2025-02-13T18:10:30","slug":"proyectos-realizados","status":"publish","type":"page","link":"https:\/\/ezague.com\/en\/proyectos-realizados\/","title":{"rendered":"Proyectos Realizados"},"content":{"rendered":"<div class=\"wp-block-group alignfull has-background-background-color has-background\" style=\"border-top-width:1px;margin-top:0;margin-bottom:0;padding-top:var(--wp--preset--spacing--60);padding-bottom:var(--wp--preset--spacing--60)\"><div class=\"wp-block-group__inner-container is-layout-constrained wp-block-group-is-layout-constrained\">\n<div class=\"wp-block-group alignwide is-vertical is-layout-flex wp-container-core-group-is-layout-8cf370e7 wp-block-group-is-layout-flex\">\n<div class=\"wp-block-group\"><div class=\"wp-block-group__inner-container is-layout-constrained wp-block-group-is-layout-constrained\">\n<h2 class=\"wp-block-heading\">Explora Nuestros Proyectos  Recientes<\/h2>\n\n\n\n<p style=\"margin-top:16px\">Esta secci\u00f3n destaca proyectos clave, mostrando creatividad, experiencia y el valor entregado a trav\u00e9s de nuestro trabajo.<\/p>\n<\/div><\/div>\n<\/div>\n\n\n\n<div class=\"wp-block-columns alignwide is-layout-flex wp-container-core-columns-is-layout-bd0aba32 wp-block-columns-is-layout-flex\">\n<div class=\"wp-block-column is-layout-flow wp-block-column-is-layout-flow\">\n<figure class=\"wp-block-image size-large\"><img fetchpriority=\"high\" decoding=\"async\" width=\"851\" height=\"1024\" src=\"https:\/\/ezague.com\/wp-content\/uploads\/2025\/02\/1-Liebherr-910-851x1024.jpeg\" alt=\"\" class=\"wp-image-23\" style=\"aspect-ratio:1;object-fit:cover\" srcset=\"https:\/\/ezague.com\/wp-content\/uploads\/2025\/02\/1-Liebherr-910-851x1024.jpeg 851w, https:\/\/ezague.com\/wp-content\/uploads\/2025\/02\/1-Liebherr-910-249x300.jpeg 249w, https:\/\/ezague.com\/wp-content\/uploads\/2025\/02\/1-Liebherr-910-768x924.jpeg 768w, https:\/\/ezague.com\/wp-content\/uploads\/2025\/02\/1-Liebherr-910.jpeg 1080w\" sizes=\"(max-width: 851px) 100vw, 851px\" \/><\/figure>\n\n\n\n<h4 class=\"wp-block-heading has-small-font-size\" style=\"margin-top:24px;font-style:normal;font-weight:400\">Subt\u00edtulo del Proyecto Uno<\/h4>\n\n\n\n<h3 class=\"wp-block-heading has-medium-font-size\" style=\"margin-top:12px\">Proyecto Uno<\/h3>\n<\/div>\n\n\n\n<div class=\"wp-block-column is-layout-flow wp-block-column-is-layout-flow\">\n<figure class=\"wp-block-image\"><img decoding=\"async\" class=\"wp-image-44\" src=\"https:\/\/ezague.com\/wp-content\/uploads\/2025\/02\/d8b2633bcff82944906a419900556c042e5bc4c4.jpg\" alt=\"\" style=\"aspect-ratio:1;object-fit:cover\"\/><\/figure>\n\n\n\n<h4 class=\"wp-block-heading has-small-font-size\" style=\"margin-top:24px;font-style:normal;font-weight:400\">Subt\u00edtulo del Proyecto Dos<\/h4>\n\n\n\n<h3 class=\"wp-block-heading has-medium-font-size\" style=\"margin-top:12px\">Proyecto Dos<\/h3>\n<\/div>\n\n\n\n<div class=\"wp-block-column is-layout-flow wp-block-column-is-layout-flow\">\n<figure class=\"wp-block-image\"><img decoding=\"async\" class=\"wp-image-41\" src=\"https:\/\/ezague.com\/wp-content\/uploads\/2025\/02\/793cf6898404331aee9d889a95cce6cd51ed4563.jpg\" alt=\"\" style=\"aspect-ratio:1;object-fit:cover\"\/><\/figure>\n\n\n\n<h4 class=\"wp-block-heading has-small-font-size\" style=\"margin-top:24px;font-style:normal;font-weight:400\">Subt\u00edtulo del Proyecto Tres<\/h4>\n\n\n\n<h3 class=\"wp-block-heading has-medium-font-size\" style=\"margin-top:12px\">Proyecto Tres<\/h3>\n<\/div>\n<\/div>\n\n\n\n<div class=\"wp-block-columns alignwide is-layout-flex wp-container-core-columns-is-layout-bd0aba32 wp-block-columns-is-layout-flex\">\n<div class=\"wp-block-column is-layout-flow wp-block-column-is-layout-flow\">\n<figure class=\"wp-block-image\"><img decoding=\"async\" class=\"wp-image-45\" src=\"https:\/\/ezague.com\/wp-content\/uploads\/2025\/02\/ee54b457b069f8ef2b88d56694afb9534154f622.jpg\" alt=\"\" style=\"aspect-ratio:1;object-fit:cover\"\/><\/figure>\n\n\n\n<h4 class=\"wp-block-heading has-small-font-size\" style=\"margin-top:24px;font-style:normal;font-weight:400\">Subt\u00edtulo del Proyecto Cuatro<\/h4>\n\n\n\n<h3 class=\"wp-block-heading has-medium-font-size\" style=\"margin-top:12px\">Proyecto Cuatro<\/h3>\n<\/div>\n\n\n\n<div class=\"wp-block-column is-layout-flow wp-block-column-is-layout-flow\">\n<figure class=\"wp-block-image\"><img decoding=\"async\" class=\"wp-image-46\" src=\"https:\/\/ezague.com\/wp-content\/uploads\/2025\/02\/dbe21653f26cb5fe6565e6ce8f385c0263c650ca.jpg\" alt=\"\" style=\"aspect-ratio:1;object-fit:cover\"\/><\/figure>\n\n\n\n<h4 class=\"wp-block-heading has-small-font-size\" style=\"margin-top:24px;font-style:normal;font-weight:400\">Subt\u00edtulo del Proyecto Uno<\/h4>\n\n\n\n<h3 class=\"wp-block-heading has-medium-font-size\" style=\"margin-top:12px\">Proyecto Uno<\/h3>\n<\/div>\n\n\n\n<div class=\"wp-block-column is-layout-flow wp-block-column-is-layout-flow\">\n<figure class=\"wp-block-image\"><img decoding=\"async\" class=\"wp-image-47\" src=\"https:\/\/ezague.com\/wp-content\/uploads\/2025\/02\/327f885f80039bbd62883b32ee4bdee673cefcac.jpg\" alt=\"\" style=\"aspect-ratio:1;object-fit:cover\"\/><\/figure>\n\n\n\n<h4 class=\"wp-block-heading has-small-font-size\" style=\"margin-top:24px;font-style:normal;font-weight:400\">Subt\u00edtulo del Proyecto Dos<\/h4>\n\n\n\n<h3 class=\"wp-block-heading has-medium-font-size\" style=\"margin-top:12px\">Proyecto Dos<\/h3>\n<\/div>\n<\/div>\n<\/div><\/div>","protected":false},"excerpt":{"rendered":"<p>Explora Nuestros Proyectos Recientes Esta secci\u00f3n destaca proyectos clave, mostrando creatividad, experiencia y el valor entregado a trav\u00e9s de nuestro trabajo. Subt\u00edtulo del Proyecto Uno Proyecto Uno Subt\u00edtulo del Proyecto Dos Proyecto Dos Subt\u00edtulo del Proyecto Tres Proyecto Tres Subt\u00edtulo del Proyecto Cuatro Proyecto Cuatro Subt\u00edtulo del Proyecto Uno Proyecto Uno Subt\u00edtulo del Proyecto Dos [&hellip;]<\/p>\n","protected":false},"author":2,"featured_media":0,"parent":0,"menu_order":0,"comment_status":"closed","ping_status":"closed","template":"","meta":{"footnotes":""},"class_list":["post-21","page","type-page","status-publish","hentry"],"yoast_head":"<!-- This site is optimized with the Yoast SEO plugin v27.5 - https:\/\/yoast.com\/product\/yoast-seo-wordpress\/ -->\n<title>Proyectos Realizados - Ezague<\/title>\n<meta name=\"robots\" content=\"index, follow, max-snippet:-1, max-image-preview:large, max-video-preview:-1\" \/>\n<link rel=\"canonical\" href=\"https:\/\/ezague.com\/en\/proyectos-realizados\/\" \/>\n<meta property=\"og:locale\" content=\"en_GB\" \/>\n<meta property=\"og:type\" content=\"article\" \/>\n<meta property=\"og:title\" content=\"Proyectos Realizados - Ezague\" \/>\n<meta property=\"og:description\" content=\"Explora Nuestros Proyectos Recientes Esta secci\u00f3n destaca proyectos clave, mostrando creatividad, experiencia y el valor entregado a trav\u00e9s de nuestro trabajo. Subt\u00edtulo del Proyecto Uno Proyecto Uno Subt\u00edtulo del Proyecto Dos Proyecto Dos Subt\u00edtulo del Proyecto Tres Proyecto Tres Subt\u00edtulo del Proyecto Cuatro Proyecto Cuatro Subt\u00edtulo del Proyecto Uno Proyecto Uno Subt\u00edtulo del Proyecto Dos [&hellip;]\" \/>\n<meta property=\"og:url\" content=\"https:\/\/ezague.com\/en\/proyectos-realizados\/\" \/>\n<meta property=\"og:site_name\" content=\"Ezague\" \/>\n<meta property=\"article:modified_time\" content=\"2025-02-13T18:10:30+00:00\" \/>\n<meta property=\"og:image\" content=\"https:\/\/ezague.com\/wp-content\/uploads\/2025\/02\/1-Liebherr-910.jpeg\" \/>\n\t<meta property=\"og:image:width\" content=\"1080\" \/>\n\t<meta property=\"og:image:height\" content=\"1299\" \/>\n\t<meta property=\"og:image:type\" content=\"image\/jpeg\" \/>\n<meta name=\"twitter:card\" content=\"summary_large_image\" \/>\n<script type=\"application\/ld+json\" class=\"yoast-schema-graph\">{\"@context\":\"https:\\\/\\\/schema.org\",\"@graph\":[{\"@type\":\"WebPage\",\"@id\":\"https:\\\/\\\/ezague.com\\\/proyectos-realizados\\\/\",\"url\":\"https:\\\/\\\/ezague.com\\\/proyectos-realizados\\\/\",\"name\":\"Proyectos Realizados - Ezague\",\"isPartOf\":{\"@id\":\"https:\\\/\\\/ezague.com\\\/#website\"},\"primaryImageOfPage\":{\"@id\":\"https:\\\/\\\/ezague.com\\\/proyectos-realizados\\\/#primaryimage\"},\"image\":{\"@id\":\"https:\\\/\\\/ezague.com\\\/proyectos-realizados\\\/#primaryimage\"},\"thumbnailUrl\":\"https:\\\/\\\/ezague.com\\\/wp-content\\\/uploads\\\/2025\\\/02\\\/1-Liebherr-910-851x1024.jpeg\",\"datePublished\":\"2025-02-13T17:57:20+00:00\",\"dateModified\":\"2025-02-13T18:10:30+00:00\",\"breadcrumb\":{\"@id\":\"https:\\\/\\\/ezague.com\\\/proyectos-realizados\\\/#breadcrumb\"},\"inLanguage\":\"en-GB\",\"potentialAction\":[{\"@type\":\"ReadAction\",\"target\":[\"https:\\\/\\\/ezague.com\\\/proyectos-realizados\\\/\"]}]},{\"@type\":\"ImageObject\",\"inLanguage\":\"en-GB\",\"@id\":\"https:\\\/\\\/ezague.com\\\/proyectos-realizados\\\/#primaryimage\",\"url\":\"https:\\\/\\\/ezague.com\\\/wp-content\\\/uploads\\\/2025\\\/02\\\/1-Liebherr-910-851x1024.jpeg\",\"contentUrl\":\"https:\\\/\\\/ezague.com\\\/wp-content\\\/uploads\\\/2025\\\/02\\\/1-Liebherr-910-851x1024.jpeg\"},{\"@type\":\"BreadcrumbList\",\"@id\":\"https:\\\/\\\/ezague.com\\\/proyectos-realizados\\\/#breadcrumb\",\"itemListElement\":[{\"@type\":\"ListItem\",\"position\":1,\"name\":\"Portada\",\"item\":\"https:\\\/\\\/ezague.com\\\/\"},{\"@type\":\"ListItem\",\"position\":2,\"name\":\"Proyectos Realizados\"}]},{\"@type\":\"WebSite\",\"@id\":\"https:\\\/\\\/ezague.com\\\/#website\",\"url\":\"https:\\\/\\\/ezague.com\\\/\",\"name\":\"Ezague\",\"description\":\"Excavaciones y movimiento de Tierra \",\"publisher\":{\"@id\":\"https:\\\/\\\/ezague.com\\\/#organization\"},\"potentialAction\":[{\"@type\":\"SearchAction\",\"target\":{\"@type\":\"EntryPoint\",\"urlTemplate\":\"https:\\\/\\\/ezague.com\\\/?s={search_term_string}\"},\"query-input\":{\"@type\":\"PropertyValueSpecification\",\"valueRequired\":true,\"valueName\":\"search_term_string\"}}],\"inLanguage\":\"en-GB\"},{\"@type\":\"Organization\",\"@id\":\"https:\\\/\\\/ezague.com\\\/#organization\",\"name\":\"Ezague\",\"url\":\"https:\\\/\\\/ezague.com\\\/\",\"logo\":{\"@type\":\"ImageObject\",\"inLanguage\":\"en-GB\",\"@id\":\"https:\\\/\\\/ezague.com\\\/#\\\/schema\\\/logo\\\/image\\\/\",\"url\":\"https:\\\/\\\/ezague.com\\\/wp-content\\\/uploads\\\/2025\\\/02\\\/cropped-LOGO-50.png\",\"contentUrl\":\"https:\\\/\\\/ezague.com\\\/wp-content\\\/uploads\\\/2025\\\/02\\\/cropped-LOGO-50.png\",\"width\":50,\"height\":50,\"caption\":\"Ezague\"},\"image\":{\"@id\":\"https:\\\/\\\/ezague.com\\\/#\\\/schema\\\/logo\\\/image\\\/\"}}]}<\/script>\n<!-- \/ Yoast SEO plugin. -->","yoast_head_json":{"title":"Proyectos Realizados - Ezague","robots":{"index":"index","follow":"follow","max-snippet":"max-snippet:-1","max-image-preview":"max-image-preview:large","max-video-preview":"max-video-preview:-1"},"canonical":"https:\/\/ezague.com\/en\/proyectos-realizados\/","og_locale":"en_GB","og_type":"article","og_title":"Proyectos Realizados - Ezague","og_description":"Explora Nuestros Proyectos Recientes Esta secci\u00f3n destaca proyectos clave, mostrando creatividad, experiencia y el valor entregado a trav\u00e9s de nuestro trabajo. Subt\u00edtulo del Proyecto Uno Proyecto Uno Subt\u00edtulo del Proyecto Dos Proyecto Dos Subt\u00edtulo del Proyecto Tres Proyecto Tres Subt\u00edtulo del Proyecto Cuatro Proyecto Cuatro Subt\u00edtulo del Proyecto Uno Proyecto Uno Subt\u00edtulo del Proyecto Dos [&hellip;]","og_url":"https:\/\/ezague.com\/en\/proyectos-realizados\/","og_site_name":"Ezague","article_modified_time":"2025-02-13T18:10:30+00:00","og_image":[{"width":1080,"height":1299,"url":"https:\/\/ezague.com\/wp-content\/uploads\/2025\/02\/1-Liebherr-910.jpeg","type":"image\/jpeg"}],"twitter_card":"summary_large_image","schema":{"@context":"https:\/\/schema.org","@graph":[{"@type":"WebPage","@id":"https:\/\/ezague.com\/proyectos-realizados\/","url":"https:\/\/ezague.com\/proyectos-realizados\/","name":"Proyectos Realizados - Ezague","isPartOf":{"@id":"https:\/\/ezague.com\/#website"},"primaryImageOfPage":{"@id":"https:\/\/ezague.com\/proyectos-realizados\/#primaryimage"},"image":{"@id":"https:\/\/ezague.com\/proyectos-realizados\/#primaryimage"},"thumbnailUrl":"https:\/\/ezague.com\/wp-content\/uploads\/2025\/02\/1-Liebherr-910-851x1024.jpeg","datePublished":"2025-02-13T17:57:20+00:00","dateModified":"2025-02-13T18:10:30+00:00","breadcrumb":{"@id":"https:\/\/ezague.com\/proyectos-realizados\/#breadcrumb"},"inLanguage":"en-GB","potentialAction":[{"@type":"ReadAction","target":["https:\/\/ezague.com\/proyectos-realizados\/"]}]},{"@type":"ImageObject","inLanguage":"en-GB","@id":"https:\/\/ezague.com\/proyectos-realizados\/#primaryimage","url":"https:\/\/ezague.com\/wp-content\/uploads\/2025\/02\/1-Liebherr-910-851x1024.jpeg","contentUrl":"https:\/\/ezague.com\/wp-content\/uploads\/2025\/02\/1-Liebherr-910-851x1024.jpeg"},{"@type":"BreadcrumbList","@id":"https:\/\/ezague.com\/proyectos-realizados\/#breadcrumb","itemListElement":[{"@type":"ListItem","position":1,"name":"Portada","item":"https:\/\/ezague.com\/"},{"@type":"ListItem","position":2,"name":"Proyectos Realizados"}]},{"@type":"WebSite","@id":"https:\/\/ezague.com\/#website","url":"https:\/\/ezague.com\/","name":"Ezague","description":"Excavaciones y movimiento de Tierra","publisher":{"@id":"https:\/\/ezague.com\/#organization"},"potentialAction":[{"@type":"SearchAction","target":{"@type":"EntryPoint","urlTemplate":"https:\/\/ezague.com\/?s={search_term_string}"},"query-input":{"@type":"PropertyValueSpecification","valueRequired":true,"valueName":"search_term_string"}}],"inLanguage":"en-GB"},{"@type":"Organization","@id":"https:\/\/ezague.com\/#organization","name":"Ezague","url":"https:\/\/ezague.com\/","logo":{"@type":"ImageObject","inLanguage":"en-GB","@id":"https:\/\/ezague.com\/#\/schema\/logo\/image\/","url":"https:\/\/ezague.com\/wp-content\/uploads\/2025\/02\/cropped-LOGO-50.png","contentUrl":"https:\/\/ezague.com\/wp-content\/uploads\/2025\/02\/cropped-LOGO-50.png","width":50,"height":50,"caption":"Ezague"},"image":{"@id":"https:\/\/ezague.com\/#\/schema\/logo\/image\/"}}]}},"_links":{"self":[{"href":"https:\/\/ezague.com\/en\/wp-json\/wp\/v2\/pages\/21","targetHints":{"allow":["GET"]}}],"collection":[{"href":"https:\/\/ezague.com\/en\/wp-json\/wp\/v2\/pages"}],"about":[{"href":"https:\/\/ezague.com\/en\/wp-json\/wp\/v2\/types\/page"}],"author":[{"embeddable":true,"href":"https:\/\/ezague.com\/en\/wp-json\/wp\/v2\/users\/2"}],"replies":[{"embeddable":true,"href":"https:\/\/ezague.com\/en\/wp-json\/wp\/v2\/comments?post=21"}],"version-history":[{"count":3,"href":"https:\/\/ezague.com\/en\/wp-json\/wp\/v2\/pages\/21\/revisions"}],"predecessor-version":[{"id":48,"href":"https:\/\/ezague.com\/en\/wp-json\/wp\/v2\/pages\/21\/revisions\/48"}],"wp:attachment":[{"href":"https:\/\/ezague.com\/en\/wp-json\/wp\/v2\/media?parent=21"}],"curies":[{"name":"wp","href":"https:\/\/api.w.org\/{rel}","templated":true}]}}