{"id":31,"date":"2025-02-13T18:04:27","date_gmt":"2025-02-13T18:04:27","guid":{"rendered":"https:\/\/ezague.com\/?page_id=31"},"modified":"2025-02-13T18:10:31","modified_gmt":"2025-02-13T18:10:31","slug":"conta","status":"publish","type":"page","link":"https:\/\/ezague.com\/en\/conta\/","title":{"rendered":"Contacto"},"content":{"rendered":"<div class=\"wp-block-group alignfull has-background-background-color has-background\" style=\"margin-top:0;margin-bottom:0;padding-top:var(--wp--preset--spacing--60);padding-right:var(--wp--preset--spacing--30);padding-bottom:var(--wp--preset--spacing--60);padding-left:var(--wp--preset--spacing--30)\"><div class=\"wp-block-group__inner-container is-layout-constrained wp-container-core-group-is-layout-392eb801 wp-block-group-is-layout-constrained\">\n<div class=\"wp-block-columns alignwide are-vertically-aligned-center is-layout-flex wp-container-core-columns-is-layout-bd0aba32 wp-block-columns-is-layout-flex\">\n<div class=\"wp-block-column is-vertically-aligned-center is-layout-flow wp-block-column-is-layout-flow\">\n<div class=\"wp-block-cover is-light has-custom-content-position is-position-bottom-left\" style=\"border-radius:4px;padding-top:0;padding-right:0;padding-bottom:0;padding-left:0;min-height:100%;aspect-ratio:unset;\"><span aria-hidden=\"true\" class=\"wp-block-cover__background has-background-dim-0 has-background-dim\" style=\"background-color:#8f959c\"><\/span><img fetchpriority=\"high\" decoding=\"async\" width=\"2048\" height=\"1536\" class=\"wp-block-cover__image-background wp-image-34\" alt=\"\" src=\"https:\/\/ezague.com\/wp-content\/uploads\/2025\/02\/criba.jpg\" data-object-fit=\"cover\" srcset=\"https:\/\/ezague.com\/wp-content\/uploads\/2025\/02\/criba.jpg 2048w, https:\/\/ezague.com\/wp-content\/uploads\/2025\/02\/criba-300x225.jpg 300w, https:\/\/ezague.com\/wp-content\/uploads\/2025\/02\/criba-1024x768.jpg 1024w, https:\/\/ezague.com\/wp-content\/uploads\/2025\/02\/criba-768x576.jpg 768w, https:\/\/ezague.com\/wp-content\/uploads\/2025\/02\/criba-1536x1152.jpg 1536w\" sizes=\"(max-width: 2048px) 100vw, 2048px\" \/><div class=\"wp-block-cover__inner-container is-layout-flow wp-block-cover-is-layout-flow\">\n<div style=\"height:340px\" aria-hidden=\"true\" class=\"wp-block-spacer\"><\/div>\n\n\n\n<div class=\"wp-block-cover is-light has-foreground-color has-text-color has-link-color wp-elements-f1a99f999a7f2ee14ed05fbc153bd82a\" style=\"padding-top:var(--wp--preset--spacing--30);padding-right:var(--wp--preset--spacing--30);padding-bottom:var(--wp--preset--spacing--30);padding-left:var(--wp--preset--spacing--30);min-height:206px;aspect-ratio:unset;\"><span aria-hidden=\"true\" class=\"wp-block-cover__background has-tertiary-background-color has-background-dim-90 has-background-dim\"><\/span><div class=\"wp-block-cover__inner-container is-layout-constrained wp-container-core-cover-is-layout-651e6f64 wp-block-cover-is-layout-constrained\">\n<div class=\"wp-block-group\" style=\"padding-top:0;padding-right:0;padding-bottom:0;padding-left:0\"><div class=\"wp-block-group__inner-container is-layout-constrained wp-container-core-group-is-layout-acb28ca8 wp-block-group-is-layout-constrained\">\n<p style=\"font-size:1.5rem;font-style:normal;font-weight:500;line-height:1.3\">coasdaddasdasdsadasdadadadada<\/p>\n\n\n\n<h4 class=\"wp-block-heading has-small-font-size\">Cliente Uno<\/h4>\n\n\n\n<p class=\"has-small-font-size\" style=\"margin-top:2px\">T\u00edtulo laboral del cliente uno<\/p>\n<\/div><\/div>\n<\/div><\/div>\n<\/div><\/div>\n<\/div>\n\n\n\n<div class=\"wp-block-column is-vertically-aligned-center is-layout-flow wp-block-column-is-layout-flow\">\n<h2 class=\"wp-block-heading has-large-font-size\">Reserve su cita r\u00e1pida y f\u00e1cilmente en l\u00ednea hoy.<\/h2>\n\n\n\n<p style=\"margin-top:16px\">Esta secci\u00f3n ofrece una explicaci\u00f3n detallada del proceso de reserva, destacando su simplicidad y eficiencia. Proporciona orientaci\u00f3n clara para que los usuarios programen sus citas sin esfuerzo y comprendan las opciones disponibles para una experiencia de reserva fluida.<\/p>\n\n\n\n<div class=\"wp-block-buttons is-layout-flex wp-block-buttons-is-layout-flex\" style=\"margin-top:var(--wp--preset--spacing--40)\">\n<div class=\"wp-block-button is-style-fill\"><a class=\"wp-block-button__link wp-element-button\" href=\"#extendify-booking-cta\">Explorar m\u00e1s<\/a><\/div>\n<\/div>\n<\/div>\n<\/div>\n<\/div><\/div>","protected":false},"excerpt":{"rendered":"<p>Reserve su cita r\u00e1pida y f\u00e1cilmente en l\u00ednea hoy. Esta secci\u00f3n ofrece una explicaci\u00f3n detallada del proceso de reserva, destacando su simplicidad y eficiencia. Proporciona orientaci\u00f3n clara para que los usuarios programen sus citas sin esfuerzo y comprendan las opciones disponibles para una experiencia de reserva fluida.<\/p>","protected":false},"author":2,"featured_media":0,"parent":0,"menu_order":0,"comment_status":"closed","ping_status":"closed","template":"","meta":{"footnotes":""},"class_list":["post-31","page","type-page","status-publish","hentry"],"yoast_head":"<!-- This site is optimized with the Yoast SEO plugin v27.5 - https:\/\/yoast.com\/product\/yoast-seo-wordpress\/ -->\n<title>Contacto - Ezague<\/title>\n<meta name=\"robots\" content=\"index, follow, max-snippet:-1, max-image-preview:large, max-video-preview:-1\" \/>\n<link rel=\"canonical\" href=\"https:\/\/ezague.com\/en\/conta\/\" \/>\n<meta property=\"og:locale\" content=\"en_GB\" \/>\n<meta property=\"og:type\" content=\"article\" \/>\n<meta property=\"og:title\" content=\"Contacto - Ezague\" \/>\n<meta property=\"og:description\" content=\"Reserve su cita r\u00e1pida y f\u00e1cilmente en l\u00ednea hoy. Esta secci\u00f3n ofrece una explicaci\u00f3n detallada del proceso de reserva, destacando su simplicidad y eficiencia. Proporciona orientaci\u00f3n clara para que los usuarios programen sus citas sin esfuerzo y comprendan las opciones disponibles para una experiencia de reserva fluida.\" \/>\n<meta property=\"og:url\" content=\"https:\/\/ezague.com\/en\/conta\/\" \/>\n<meta property=\"og:site_name\" content=\"Ezague\" \/>\n<meta property=\"article:modified_time\" content=\"2025-02-13T18:10:31+00:00\" \/>\n<meta property=\"og:image\" content=\"https:\/\/ezague.com\/wp-content\/uploads\/2025\/02\/criba.jpg\" \/>\n\t<meta property=\"og:image:width\" content=\"2048\" \/>\n\t<meta property=\"og:image:height\" content=\"1536\" \/>\n\t<meta property=\"og:image:type\" content=\"image\/jpeg\" \/>\n<meta name=\"twitter:card\" content=\"summary_large_image\" \/>\n<script type=\"application\/ld+json\" class=\"yoast-schema-graph\">{\"@context\":\"https:\\\/\\\/schema.org\",\"@graph\":[{\"@type\":\"WebPage\",\"@id\":\"https:\\\/\\\/ezague.com\\\/conta\\\/\",\"url\":\"https:\\\/\\\/ezague.com\\\/conta\\\/\",\"name\":\"Contacto - Ezague\",\"isPartOf\":{\"@id\":\"https:\\\/\\\/ezague.com\\\/#website\"},\"primaryImageOfPage\":{\"@id\":\"https:\\\/\\\/ezague.com\\\/conta\\\/#primaryimage\"},\"image\":{\"@id\":\"https:\\\/\\\/ezague.com\\\/conta\\\/#primaryimage\"},\"thumbnailUrl\":\"https:\\\/\\\/ezague.com\\\/wp-content\\\/uploads\\\/2025\\\/02\\\/criba.jpg\",\"datePublished\":\"2025-02-13T18:04:27+00:00\",\"dateModified\":\"2025-02-13T18:10:31+00:00\",\"breadcrumb\":{\"@id\":\"https:\\\/\\\/ezague.com\\\/conta\\\/#breadcrumb\"},\"inLanguage\":\"en-GB\",\"potentialAction\":[{\"@type\":\"ReadAction\",\"target\":[\"https:\\\/\\\/ezague.com\\\/conta\\\/\"]}]},{\"@type\":\"ImageObject\",\"inLanguage\":\"en-GB\",\"@id\":\"https:\\\/\\\/ezague.com\\\/conta\\\/#primaryimage\",\"url\":\"https:\\\/\\\/ezague.com\\\/wp-content\\\/uploads\\\/2025\\\/02\\\/criba.jpg\",\"contentUrl\":\"https:\\\/\\\/ezague.com\\\/wp-content\\\/uploads\\\/2025\\\/02\\\/criba.jpg\"},{\"@type\":\"BreadcrumbList\",\"@id\":\"https:\\\/\\\/ezague.com\\\/conta\\\/#breadcrumb\",\"itemListElement\":[{\"@type\":\"ListItem\",\"position\":1,\"name\":\"Portada\",\"item\":\"https:\\\/\\\/ezague.com\\\/\"},{\"@type\":\"ListItem\",\"position\":2,\"name\":\"Contacto\"}]},{\"@type\":\"WebSite\",\"@id\":\"https:\\\/\\\/ezague.com\\\/#website\",\"url\":\"https:\\\/\\\/ezague.com\\\/\",\"name\":\"Ezague\",\"description\":\"Excavaciones y movimiento de Tierra \",\"publisher\":{\"@id\":\"https:\\\/\\\/ezague.com\\\/#organization\"},\"potentialAction\":[{\"@type\":\"SearchAction\",\"target\":{\"@type\":\"EntryPoint\",\"urlTemplate\":\"https:\\\/\\\/ezague.com\\\/?s={search_term_string}\"},\"query-input\":{\"@type\":\"PropertyValueSpecification\",\"valueRequired\":true,\"valueName\":\"search_term_string\"}}],\"inLanguage\":\"en-GB\"},{\"@type\":\"Organization\",\"@id\":\"https:\\\/\\\/ezague.com\\\/#organization\",\"name\":\"Ezague\",\"url\":\"https:\\\/\\\/ezague.com\\\/\",\"logo\":{\"@type\":\"ImageObject\",\"inLanguage\":\"en-GB\",\"@id\":\"https:\\\/\\\/ezague.com\\\/#\\\/schema\\\/logo\\\/image\\\/\",\"url\":\"https:\\\/\\\/ezague.com\\\/wp-content\\\/uploads\\\/2025\\\/02\\\/cropped-LOGO-50.png\",\"contentUrl\":\"https:\\\/\\\/ezague.com\\\/wp-content\\\/uploads\\\/2025\\\/02\\\/cropped-LOGO-50.png\",\"width\":50,\"height\":50,\"caption\":\"Ezague\"},\"image\":{\"@id\":\"https:\\\/\\\/ezague.com\\\/#\\\/schema\\\/logo\\\/image\\\/\"}}]}<\/script>\n<!-- \/ Yoast SEO plugin. -->","yoast_head_json":{"title":"Contacto - Ezague","robots":{"index":"index","follow":"follow","max-snippet":"max-snippet:-1","max-image-preview":"max-image-preview:large","max-video-preview":"max-video-preview:-1"},"canonical":"https:\/\/ezague.com\/en\/conta\/","og_locale":"en_GB","og_type":"article","og_title":"Contacto - Ezague","og_description":"Reserve su cita r\u00e1pida y f\u00e1cilmente en l\u00ednea hoy. Esta secci\u00f3n ofrece una explicaci\u00f3n detallada del proceso de reserva, destacando su simplicidad y eficiencia. Proporciona orientaci\u00f3n clara para que los usuarios programen sus citas sin esfuerzo y comprendan las opciones disponibles para una experiencia de reserva fluida.","og_url":"https:\/\/ezague.com\/en\/conta\/","og_site_name":"Ezague","article_modified_time":"2025-02-13T18:10:31+00:00","og_image":[{"width":2048,"height":1536,"url":"https:\/\/ezague.com\/wp-content\/uploads\/2025\/02\/criba.jpg","type":"image\/jpeg"}],"twitter_card":"summary_large_image","schema":{"@context":"https:\/\/schema.org","@graph":[{"@type":"WebPage","@id":"https:\/\/ezague.com\/conta\/","url":"https:\/\/ezague.com\/conta\/","name":"Contacto - Ezague","isPartOf":{"@id":"https:\/\/ezague.com\/#website"},"primaryImageOfPage":{"@id":"https:\/\/ezague.com\/conta\/#primaryimage"},"image":{"@id":"https:\/\/ezague.com\/conta\/#primaryimage"},"thumbnailUrl":"https:\/\/ezague.com\/wp-content\/uploads\/2025\/02\/criba.jpg","datePublished":"2025-02-13T18:04:27+00:00","dateModified":"2025-02-13T18:10:31+00:00","breadcrumb":{"@id":"https:\/\/ezague.com\/conta\/#breadcrumb"},"inLanguage":"en-GB","potentialAction":[{"@type":"ReadAction","target":["https:\/\/ezague.com\/conta\/"]}]},{"@type":"ImageObject","inLanguage":"en-GB","@id":"https:\/\/ezague.com\/conta\/#primaryimage","url":"https:\/\/ezague.com\/wp-content\/uploads\/2025\/02\/criba.jpg","contentUrl":"https:\/\/ezague.com\/wp-content\/uploads\/2025\/02\/criba.jpg"},{"@type":"BreadcrumbList","@id":"https:\/\/ezague.com\/conta\/#breadcrumb","itemListElement":[{"@type":"ListItem","position":1,"name":"Portada","item":"https:\/\/ezague.com\/"},{"@type":"ListItem","position":2,"name":"Contacto"}]},{"@type":"WebSite","@id":"https:\/\/ezague.com\/#website","url":"https:\/\/ezague.com\/","name":"Ezague","description":"Excavaciones y movimiento de Tierra","publisher":{"@id":"https:\/\/ezague.com\/#organization"},"potentialAction":[{"@type":"SearchAction","target":{"@type":"EntryPoint","urlTemplate":"https:\/\/ezague.com\/?s={search_term_string}"},"query-input":{"@type":"PropertyValueSpecification","valueRequired":true,"valueName":"search_term_string"}}],"inLanguage":"en-GB"},{"@type":"Organization","@id":"https:\/\/ezague.com\/#organization","name":"Ezague","url":"https:\/\/ezague.com\/","logo":{"@type":"ImageObject","inLanguage":"en-GB","@id":"https:\/\/ezague.com\/#\/schema\/logo\/image\/","url":"https:\/\/ezague.com\/wp-content\/uploads\/2025\/02\/cropped-LOGO-50.png","contentUrl":"https:\/\/ezague.com\/wp-content\/uploads\/2025\/02\/cropped-LOGO-50.png","width":50,"height":50,"caption":"Ezague"},"image":{"@id":"https:\/\/ezague.com\/#\/schema\/logo\/image\/"}}]}},"_links":{"self":[{"href":"https:\/\/ezague.com\/en\/wp-json\/wp\/v2\/pages\/31","targetHints":{"allow":["GET"]}}],"collection":[{"href":"https:\/\/ezague.com\/en\/wp-json\/wp\/v2\/pages"}],"about":[{"href":"https:\/\/ezague.com\/en\/wp-json\/wp\/v2\/types\/page"}],"author":[{"embeddable":true,"href":"https:\/\/ezague.com\/en\/wp-json\/wp\/v2\/users\/2"}],"replies":[{"embeddable":true,"href":"https:\/\/ezague.com\/en\/wp-json\/wp\/v2\/comments?post=31"}],"version-history":[{"count":3,"href":"https:\/\/ezague.com\/en\/wp-json\/wp\/v2\/pages\/31\/revisions"}],"predecessor-version":[{"id":51,"href":"https:\/\/ezague.com\/en\/wp-json\/wp\/v2\/pages\/31\/revisions\/51"}],"wp:attachment":[{"href":"https:\/\/ezague.com\/en\/wp-json\/wp\/v2\/media?parent=31"}],"curies":[{"name":"wp","href":"https:\/\/api.w.org\/{rel}","templated":true}]}}